{"id":1797,"date":"2011-07-14T19:45:29","date_gmt":"2011-07-14T19:45:29","guid":{"rendered":"http:\/\/hub-hemmersbach.de\/about\/"},"modified":"2017-06-25T19:42:18","modified_gmt":"2017-06-25T17:42:18","slug":"mission","status":"publish","type":"page","link":"https:\/\/hub-hemmersbach.de\/?page_id=1797","title":{"rendered":"Geschichtliches"},"content":{"rendered":"<div class=\"row \">\n<div class=\"span8 \"><h5><img loading=\"lazy\" decoding=\"async\" class=\"extra wp-image-2115 size-full alignleft\" src=\"http:\/\/hub-hemmersbach.de\/wp-content\/uploads\/2011\/07\/kirche.jpg\" alt=\"\" width=\"270\" height=\"162\" \/><strong>Sch\u00fctzenbruderschaften haben in unserem Lande ihre Geschichte, ihre H\u00f6hen und Tiefen, ihre glanzvollen Epochen und ihre Krisen. <\/strong><\/h5>\n<p>Immer aber ist dieses Auf und Ab, ist dieser st\u00e4ndige Wechsel des Geschehens durch alle Jahre mit Namen und Personen verbunden, die durch treue Mitgliedschaft, Idealismus und Mitarbeit die Sch\u00fctzenbruderschaft St. Hubertus Hemmersbach 1875 e.V. getragen haben.<\/p>\n<div class=\"clear\"><\/div><!-- .clear (end) -->\n<h5><img loading=\"lazy\" decoding=\"async\" class=\"extra wp-image-2116 size-full alignleft\" src=\"http:\/\/hub-hemmersbach.de\/wp-content\/uploads\/2011\/07\/vereinsheim.jpg\" alt=\"\" width=\"270\" height=\"162\" \/><strong>1875 fanden sich die ersten M\u00e4nner Jacob Simons, Wilhelm Brand, Franz Jungbluth, Mathias Schiffer, P. Natzheim und Mathias Fu\u00df zusammen. <\/strong><\/h5>\n<p>Sie stammen zur H\u00e4lfte aus den Orten Hemmersbach und Habbelrath zur Gr\u00fcndung unserer Bruderschaft.<\/p>\n<p>Sie waren mit den B\u00fcrgern von der Notwendigkeit eines solchen Schrittes \u00fcberzeugt, der dahin wirken sollte, stets B\u00fcrger und Gemeinsinn in unserer Stadt zu f\u00f6rdern und unter allen St\u00e4nden eine auf gegenseitige Achtung beruhende Verbindung und Ann\u00e4herung hervorzurufen.<\/p>\n<p>In den Annalen unserer Protokolle ist die wechselvolle Geschichte unserer Sch\u00fctzenbruderschaft und die Verbundenheit mit unserer Heimat festgehalten.<\/p><\/div>\n<div class=\"span4 \"><h5>Mit Stolz k\u00f6nnen wir auf eine lange Sch\u00fctzentradition in unserer Stadt zur\u00fcckblicken, in der sowohl der Schie\u00dfsport, die Jugendarbeit als auch die Geselligkeit und Pflege des heimatlichen Brauchtums ihren festen Bestand haben.<\/h5>\n<p>Eine Gemeinschaft, die nicht nur aus Tradition handelt, sondern sich stets mit neuen Zielsetzungen den sportlichen, sozialen und gesellschaftlichen Belangen heutiger Anforderungen angepasst hat. Nicht die \u00e4u\u00dfere Form unserer Feste sind das Wesentliche.<\/p>\n<p>Vielmehr die Tatsache, dass unser Sch\u00fctzenwesen Menschen aus Nah und Fern, jeglichen Alters und gesellschaftlicher Stellung zu einer gro\u00dfen Gemeinschaft zusammenf\u00fchrt, in der Gastfreundschaft, Toleranz und Geselligkeit ihren festen Platz haben.<\/p>\n<p>Die Verwirklichung dieser Ziele entspricht unserer Einstellung zur Rheinischen Sch\u00fctzentradition, der wir uns auch weiterhin verpflichtet f\u00fchlen.<\/p>\n<h6 style=\"text-align: right;\">Brudermeister Arnold Koberg<\/h6><\/div>\n<\/div><!-- .row (end) -->\n<p>&nbsp;<\/p>\n<p>&nbsp;<\/p>\n","protected":false},"excerpt":{"rendered":"<p>&nbsp; &nbsp;<\/p>\n","protected":false},"author":3,"featured_media":0,"parent":0,"menu_order":1,"comment_status":"open","ping_status":"closed","template":"page-fullwidth.php","meta":{"footnotes":""},"class_list":["post-1797","page","type-page","status-publish","hentry"],"_links":{"self":[{"href":"https:\/\/hub-hemmersbach.de\/index.php?rest_route=\/wp\/v2\/pages\/1797","targetHints":{"allow":["GET"]}}],"collection":[{"href":"https:\/\/hub-hemmersbach.de\/index.php?rest_route=\/wp\/v2\/pages"}],"about":[{"href":"https:\/\/hub-hemmersbach.de\/index.php?rest_route=\/wp\/v2\/types\/page"}],"author":[{"embeddable":true,"href":"https:\/\/hub-hemmersbach.de\/index.php?rest_route=\/wp\/v2\/users\/3"}],"replies":[{"embeddable":true,"href":"https:\/\/hub-hemmersbach.de\/index.php?rest_route=%2Fwp%2Fv2%2Fcomments&post=1797"}],"version-history":[{"count":25,"href":"https:\/\/hub-hemmersbach.de\/index.php?rest_route=\/wp\/v2\/pages\/1797\/revisions"}],"predecessor-version":[{"id":2197,"href":"https:\/\/hub-hemmersbach.de\/index.php?rest_route=\/wp\/v2\/pages\/1797\/revisions\/2197"}],"wp:attachment":[{"href":"https:\/\/hub-hemmersbach.de\/index.php?rest_route=%2Fwp%2Fv2%2Fmedia&parent=1797"}],"curies":[{"name":"wp","href":"https:\/\/api.w.org\/{rel}","templated":true}]}}