{"id":203,"date":"2011-09-14T09:45:02","date_gmt":"2011-09-14T09:45:02","guid":{"rendered":"http:\/\/hub-hemmersbach.de\/"},"modified":"2017-06-25T20:05:00","modified_gmt":"2017-06-25T18:05:00","slug":"home","status":"publish","type":"page","link":"https:\/\/hub-hemmersbach.de\/","title":{"rendered":"Home"},"content":{"rendered":"<ul class=\"posts-grid row-fluid unstyled services ul-item-0\"><li class=\"span4 list-item-1\"><figure class=\"featured-thumbnail thumbnail\"><a href=\"https:\/\/hub-hemmersbach.de\/wp-content\/uploads\/2014\/06\/logo-horrem3-e1518993926313.jpg\" title=\"St. Clemens\" rel=\"prettyPhoto-1453366324[gallery0]\"><img decoding=\"async\" src=\"https:\/\/hub-hemmersbach.de\/wp-content\/uploads\/2014\/06\/logo-horrem3-e1518993926313.jpg\" alt=\"St. Clemens\" \/><span class=\"zoom-icon\"><\/span><\/a><\/figure><div class=\"clear\"><\/div><div class=\"desc\"><h5><a href=\"https:\/\/hub-hemmersbach.de\/?services=im-new-here\" title=\"St. Clemens\">St. Clemens<\/a><\/h5><p class=\"excerpt\"><div id=\"col2_content\" class=\"clearfix\">\r\n<div id=\"centercontainer\">\r\n<div class=\"view-article\">\r\n<h1>St. Clemens, Horrem<\/h1>\r\n<div class=\"paragraph\">\r\n<div><\/div>\r\n<div>\r\n\r\nDie Clemenskirche, auf einer Anh\u00f6he... <\/p><\/div><\/li><li class=\"span4 list-item-2\"><figure class=\"featured-thumbnail thumbnail\"><a href=\"https:\/\/hub-hemmersbach.de\/wp-content\/uploads\/2014\/06\/hemmersbach-horrem-logo.jpg\" title=\"St. Hubertus Hemmersbach 1875 e.V.\" rel=\"prettyPhoto-1453366324[gallery1]\"><img decoding=\"async\" src=\"https:\/\/hub-hemmersbach.de\/wp-content\/uploads\/2014\/06\/hemmersbach-horrem-logo-228x228.jpg\" alt=\"St. Hubertus Hemmersbach 1875 e.V.\" \/><span class=\"zoom-icon\"><\/span><\/a><\/figure><div class=\"clear\"><\/div><div class=\"desc\"><h5><a href=\"https:\/\/hub-hemmersbach.de\/?services=care-ministries\" title=\"St. Hubertus Hemmersbach 1875 e.V.\">St. Hubertus Hemmersbach 1875 e.V.<\/a><\/h5><p class=\"excerpt\">Sch\u00fctzenbruderschaften haben in unserem Lande ihre Geschichte, ihre H\u00f6hen und Tiefen, ihre... <\/p><\/div><\/li><li class=\"span4 list-item-3\"><figure class=\"featured-thumbnail thumbnail\"><a href=\"https:\/\/hub-hemmersbach.de\/wp-content\/uploads\/2014\/06\/logo-bruderschaft-horrem-e1518994296901.jpg\" title=\"Bund der Sch\u00fctzen-bruderschaften e.V.\" rel=\"prettyPhoto-1453366324[gallery2]\"><img decoding=\"async\" src=\"https:\/\/hub-hemmersbach.de\/wp-content\/uploads\/2014\/06\/logo-bruderschaft-horrem-e1518994296901.jpg\" alt=\"Bund der Sch\u00fctzen-bruderschaften e.V.\" \/><span class=\"zoom-icon\"><\/span><\/a><\/figure><div class=\"clear\"><\/div><div class=\"desc\"><h5><a href=\"https:\/\/hub-hemmersbach.de\/?services=prayer-request\" title=\"Bund der Sch\u00fctzen-bruderschaften e.V.\">Bund der Sch\u00fctzen-bruderschaften e.V.<\/a><\/h5><p class=\"excerpt\"><h3>Von der Erzbruderschaft zum Bund der Historischen Deutschen Sch\u00fctzenbruderschaften<\/h3>\r\n<em>Uta Kirsten Remmers M.A.<\/em>\r\n\r\nDer... <\/p><\/div><\/li><\/ul><!-- .posts-grid (end) -->\n<ul class=\"posts-grid row-fluid unstyled extra ul-item-0\"><li class=\"span6 list-item-1\"><div class=\"clear\"><\/div><div class=\"desc\"><h5><a href=\"https:\/\/hub-hemmersbach.de\/?p=2037\" title=\"Termine\">Termine<\/a><\/h5><div class=\"post_meta\"><span class=\"post_category\"><em>Posted in <\/em><a href=\"https:\/\/hub-hemmersbach.de\/?cat=1\" title=\"Allgemein\">Allgemein<\/a> <\/span><span class=\"post_date\"><time datetime=\"2017-06-25T01:22:29\"><span class=\"day\">25<\/span>&nbsp;<span class=\"month\">Juni<\/span><\/time><\/span><span class=\"post_author\"><em> by <\/em><a href=\"https:\/\/hub-hemmersbach.de\/?author=3\">admin<\/a><\/span><span class=\"post_comment\"><a href=\"https:\/\/hub-hemmersbach.de\/?p=2037\" class=\"comments_link\">0 Comments<\/a><\/span><\/div><p class=\"excerpt\">Termine... <\/p><a href=\"https:\/\/hub-hemmersbach.de\/?p=2037\" class=\"btn btn-link btn-normal\" title=\"Termine\">Weiter lesen<\/a><\/div><\/li><li class=\"span6 list-item-2\"><div class=\"clear\"><\/div><div class=\"desc\"><h5><a href=\"https:\/\/hub-hemmersbach.de\/?p=2031\" title=\"Majest\u00e4ten\">Majest\u00e4ten<\/a><\/h5><div class=\"post_meta\"><span class=\"post_category\"><em>Posted in <\/em><a href=\"https:\/\/hub-hemmersbach.de\/?cat=1\" title=\"Allgemein\">Allgemein<\/a> <\/span><span class=\"post_date\"><time datetime=\"2017-06-25T00:30:52\"><span class=\"day\">25<\/span>&nbsp;<span class=\"month\">Juni<\/span><\/time><\/span><span class=\"post_author\"><em> by <\/em><a href=\"https:\/\/hub-hemmersbach.de\/?author=3\">admin<\/a><\/span><span class=\"post_comment\"><a href=\"https:\/\/hub-hemmersbach.de\/?p=2031\" class=\"comments_link\">0 Comments<\/a><\/span><\/div><p class=\"excerpt\"><div class=\"item-page \">\r\n\r\n<img decoding=\"async\" src=\"http:\/\/www.hemmersbacher-schuetzenbruderschaft.de\/images\/majestten12.jpg\" alt=\"\" border=\"0\" \/>\r\n\r\nDie Sch\u00fctzenmajest\u00e4ten f\u00fcr\u00a0die\u00a0Sch\u00fctzenjahre 2011 bis 2013\r\n\r\nVon links nach rechts:\r\n\r\nJungsch\u00fctzenprinz Marcel... <\/p><a href=\"https:\/\/hub-hemmersbach.de\/?p=2031\" class=\"btn btn-link btn-normal\" title=\"Majest\u00e4ten\">Weiter lesen<\/a><\/div><\/li><\/ul><!-- .posts-grid (end) -->\n","protected":false},"excerpt":{"rendered":"","protected":false},"author":3,"featured_media":0,"parent":0,"menu_order":0,"comment_status":"open","ping_status":"closed","template":"page-home.php","meta":{"footnotes":""},"class_list":["post-203","page","type-page","status-publish","hentry","cat-1-id"],"_links":{"self":[{"href":"https:\/\/hub-hemmersbach.de\/index.php?rest_route=\/wp\/v2\/pages\/203","targetHints":{"allow":["GET"]}}],"collection":[{"href":"https:\/\/hub-hemmersbach.de\/index.php?rest_route=\/wp\/v2\/pages"}],"about":[{"href":"https:\/\/hub-hemmersbach.de\/index.php?rest_route=\/wp\/v2\/types\/page"}],"author":[{"embeddable":true,"href":"https:\/\/hub-hemmersbach.de\/index.php?rest_route=\/wp\/v2\/users\/3"}],"replies":[{"embeddable":true,"href":"https:\/\/hub-hemmersbach.de\/index.php?rest_route=%2Fwp%2Fv2%2Fcomments&post=203"}],"version-history":[{"count":13,"href":"https:\/\/hub-hemmersbach.de\/index.php?rest_route=\/wp\/v2\/pages\/203\/revisions"}],"predecessor-version":[{"id":2200,"href":"https:\/\/hub-hemmersbach.de\/index.php?rest_route=\/wp\/v2\/pages\/203\/revisions\/2200"}],"wp:attachment":[{"href":"https:\/\/hub-hemmersbach.de\/index.php?rest_route=%2Fwp%2Fv2%2Fmedia&parent=203"}],"curies":[{"name":"wp","href":"https:\/\/api.w.org\/{rel}","templated":true}]}}